{"id":717,"date":"2022-05-30T18:49:08","date_gmt":"2022-05-30T18:49:08","guid":{"rendered":"http:\/\/casademony.com\/?page_id=717"},"modified":"2024-09-02T19:24:26","modified_gmt":"2024-09-02T19:24:26","slug":"politicas-de-reserva","status":"publish","type":"page","link":"https:\/\/casademony.com\/index.php\/politicas-de-reserva\/","title":{"rendered":"Hotel en Santa Marta &#8211; Casa de Mony Pol\u00edticas de reserva"},"content":{"rendered":"\t\t<div data-elementor-type=\"wp-page\" data-elementor-id=\"717\" class=\"elementor elementor-717\">\n\t\t\t\t\t\t<div class=\"elementor-inner\">\n\t\t\t\t<div class=\"elementor-section-wrap\">\n\t\t\t\t\t\t\t\t\t<section class=\"elementor-section elementor-top-section elementor-element elementor-element-e2886f4 elementor-section-boxed elementor-section-height-default elementor-section-height-default\" data-id=\"e2886f4\" data-element_type=\"section\">\n\t\t\t\t\t\t<div class=\"elementor-container elementor-column-gap-default\">\n\t\t\t\t\t\t\t<div class=\"elementor-row\">\n\t\t\t\t\t<div class=\"elementor-column elementor-col-100 elementor-top-column elementor-element elementor-element-32f8379\" data-id=\"32f8379\" data-element_type=\"column\">\n\t\t\t<div class=\"elementor-column-wrap elementor-element-populated\">\n\t\t\t\t\t\t\t<div class=\"elementor-widget-wrap\">\n\t\t\t\t\t\t<div class=\"elementor-element elementor-element-8d11c4b elementor-widget elementor-widget-heading\" data-id=\"8d11c4b\" data-element_type=\"widget\" data-widget_type=\"heading.default\">\n\t\t\t\t<div class=\"elementor-widget-container\">\n\t\t\t<h2 class=\"elementor-heading-title elementor-size-default\">POLITICAS DE RESERVA<\/h2>\t\t<\/div>\n\t\t\t\t<\/div>\n\t\t\t\t<div class=\"elementor-element elementor-element-845d35d elementor-widget elementor-widget-text-editor\" data-id=\"845d35d\" data-element_type=\"widget\" data-widget_type=\"text-editor.default\">\n\t\t\t\t<div class=\"elementor-widget-container\">\n\t\t\t\t\t\t\t\t<div class=\"elementor-text-editor elementor-clearfix\">\n\t\t\t\t<p><strong>Punto 1<\/strong><\/p><p>Si es un cliente <strong>PARTICULAR,<\/strong>\u00a0 de <strong>BOOKING<\/strong> o de otra plataforma donde el cliente tiene la opci\u00f3n de pagar la reservaci\u00f3n en CASA DE MONY, el mismo d\u00eda que realiza el Check In debe comunicarse obligatoriamente con el n\u00famero de WhatsApp <strong>3008042031<\/strong> para realizar el tr\u00e1mite del abono del 50 por ciento de la reserva total. Debe hacer llegar por este medio la evidencia de la transferencia con el nombre del responsable de la reserva.<\/p><p><strong>Punto 2<\/strong><\/p><p>Los abonos o cualquier otro tipo de pago se realizan \u00fanicamente en las siguientes cuentas<\/p><p>Nequi 3008042031<\/p><p>Si requiere otro tipo de pago debe consultar al WhatsApp 3008042031 con un tiempo de respuesta de 1 minuto a 120 minutos.<\/p><p><strong>Punto 3<\/strong><\/p><p>Las reservaciones que no tengan abonos no se consideran <strong>reservas propiamente dichas<\/strong>, si no \u201c<strong>posible reserva<\/strong>\u201d, por lo tanto, no tendr\u00e1 una habitaci\u00f3n asignada y la reservaci\u00f3n no se tendr\u00e1 en cuenta, d\u00e1ndole prioridad a los clientes que abonaron.<\/p><p><strong>PUNTO 4<\/strong><\/p><p>Una vez cancelado el abono el hu\u00e9sped activa su reserva y <strong>CASA DE MONY<\/strong> cierra la habitaci\u00f3n en todas las plataformas garantizando as\u00ed su hospedaje.<\/p><p><strong>PUNTO 5<\/strong><\/p><p>Si el hu\u00e9sped habiendo cancelado el abono de su reserva, decide anular la misma, \u00e9ste procedimiento debe hacerse por lo menos con 3 d\u00edas de antelaci\u00f3n, de lo contrario deber\u00e1 cancelar a <strong>CASA DE MONY<\/strong> lo correspondiente al 30 por ciento del abono realizado.<\/p>\t\t\t\t\t<\/div>\n\t\t\t\t\t\t<\/div>\n\t\t\t\t<\/div>\n\t\t\t\t\t\t<\/div>\n\t\t\t\t\t<\/div>\n\t\t<\/div>\n\t\t\t\t\t\t\t\t<\/div>\n\t\t\t\t\t<\/div>\n\t\t<\/section>\n\t\t\t\t\t\t\t\t\t<\/div>\n\t\t\t<\/div>\n\t\t\t\t\t<\/div>\n\t\t","protected":false},"excerpt":{"rendered":"<p>POLITICAS DE RESERVA Punto 1 Si es un cliente PARTICULAR,&nbsp; de BOOKING o de otra plataforma donde el cliente tiene la opci\u00f3n de pagar la reservaci\u00f3n en CASA DE MONY, el mismo d\u00eda que realiza el Check In debe comunicarse obligatoriamente con el n\u00famero de WhatsApp 3008042031 para realizar el tr\u00e1mite del abono del 50 [&hellip;]<\/p>\n","protected":false},"author":1,"featured_media":0,"parent":0,"menu_order":0,"comment_status":"closed","ping_status":"closed","template":"","meta":{"om_disable_all_campaigns":false,"_monsterinsights_skip_tracking":false,"_monsterinsights_sitenote_active":false,"_monsterinsights_sitenote_note":"","_monsterinsights_sitenote_category":0,"spay_email":""},"_links":{"self":[{"href":"https:\/\/casademony.com\/index.php\/wp-json\/wp\/v2\/pages\/717"}],"collection":[{"href":"https:\/\/casademony.com\/index.php\/wp-json\/wp\/v2\/pages"}],"about":[{"href":"https:\/\/casademony.com\/index.php\/wp-json\/wp\/v2\/types\/page"}],"author":[{"embeddable":true,"href":"https:\/\/casademony.com\/index.php\/wp-json\/wp\/v2\/users\/1"}],"replies":[{"embeddable":true,"href":"https:\/\/casademony.com\/index.php\/wp-json\/wp\/v2\/comments?post=717"}],"version-history":[{"count":9,"href":"https:\/\/casademony.com\/index.php\/wp-json\/wp\/v2\/pages\/717\/revisions"}],"predecessor-version":[{"id":1049,"href":"https:\/\/casademony.com\/index.php\/wp-json\/wp\/v2\/pages\/717\/revisions\/1049"}],"wp:attachment":[{"href":"https:\/\/casademony.com\/index.php\/wp-json\/wp\/v2\/media?parent=717"}],"curies":[{"name":"wp","href":"https:\/\/api.w.org\/{rel}","templated":true}]}}