{"id":273,"date":"2022-05-28T08:08:37","date_gmt":"2022-05-28T08:08:37","guid":{"rendered":"http:\/\/casademony.com\/?post_type=product&#038;p=273"},"modified":"2022-07-14T13:32:07","modified_gmt":"2022-07-14T13:32:07","slug":"minca-taganga","status":"publish","type":"product","link":"https:\/\/casademony.com\/index.php\/producto\/minca-taganga\/","title":{"rendered":"MINCA \/ TAGANGA"},"content":{"rendered":"","protected":false},"excerpt":{"rendered":"<p>El recorrido se inicia en transporte terrestre hacia Minca con una duraci\u00f3n de 45 minutos, se hace un recorrido panor\u00e1mico y se disfruta de un desayuno t\u00edpico, contin\u00faan el recorrido hasta Pozo Azul en una caminata de aproximadamente de 20 minutos; al finalizar la ma\u00f1ana contin\u00faan en transporte terrestre hasta Taganga, all\u00ed abordan una lancha que al cabo de 10 minutos los est\u00e1 dejando en la hermosa Playa Grande donde disfrutaran de un delicioso almuerzo y podr\u00e1n apreciar el hermoso atardecer.<\/p>\n<p>Incluye<\/p>\n<ul>\n<li>Transporte ida y regreso.<\/li>\n<li>Transporte en lancha de Taganga a Playa Grande.<\/li>\n<li>Desayuno liviano y almuerzo t\u00edpico<\/li>\n<li>Gu\u00eda de turismo y seguro de viaje<\/li>\n<\/ul>\n<p>&nbsp;<\/p>\n<p>&nbsp;<\/p>\n","protected":false},"featured_media":316,"comment_status":"open","ping_status":"closed","template":"","meta":{"om_disable_all_campaigns":false,"_monsterinsights_skip_tracking":false,"_monsterinsights_sitenote_active":false,"_monsterinsights_sitenote_note":"","_monsterinsights_sitenote_category":0,"spay_email":""},"product_cat":[26,24,25],"product_tag":[],"_links":{"self":[{"href":"https:\/\/casademony.com\/index.php\/wp-json\/wp\/v2\/product\/273"}],"collection":[{"href":"https:\/\/casademony.com\/index.php\/wp-json\/wp\/v2\/product"}],"about":[{"href":"https:\/\/casademony.com\/index.php\/wp-json\/wp\/v2\/types\/product"}],"replies":[{"embeddable":true,"href":"https:\/\/casademony.com\/index.php\/wp-json\/wp\/v2\/comments?post=273"}],"wp:featuredmedia":[{"embeddable":true,"href":"https:\/\/casademony.com\/index.php\/wp-json\/wp\/v2\/media\/316"}],"wp:attachment":[{"href":"https:\/\/casademony.com\/index.php\/wp-json\/wp\/v2\/media?parent=273"}],"wp:term":[{"taxonomy":"product_cat","embeddable":true,"href":"https:\/\/casademony.com\/index.php\/wp-json\/wp\/v2\/product_cat?post=273"},{"taxonomy":"product_tag","embeddable":true,"href":"https:\/\/casademony.com\/index.php\/wp-json\/wp\/v2\/product_tag?post=273"}],"curies":[{"name":"wp","href":"https:\/\/api.w.org\/{rel}","templated":true}]}}