{"id":277,"date":"2022-05-28T08:08:38","date_gmt":"2022-05-28T08:08:38","guid":{"rendered":"http:\/\/casademony.com\/?post_type=product&#038;p=277"},"modified":"2022-05-28T08:10:29","modified_gmt":"2022-05-28T08:10:29","slug":"parque-tayrona-cabo-san-juan","status":"publish","type":"product","link":"https:\/\/casademony.com\/index.php\/producto\/parque-tayrona-cabo-san-juan\/","title":{"rendered":"PARQUE TAYRONA ( CABO SAN JUAN )"},"content":{"rendered":"","protected":false},"excerpt":{"rendered":"<p>El tour le llevar\u00e1 por las Playas de Ca\u00f1averal, Arrecifes, la Piscina Natural y Cabo San Juan del Gu\u00eda por un sendero ecol\u00f3gico a trav\u00e9s de la selva tropical y zona de playas. Es un lugar amplio, limpio, de arenas coralinas y un mar azul cristalino que brinda un paisaje hermoso y \u00fanico, donde adem\u00e1s de descansar se puede disfrutar de las bellezas naturales de la flora y fauna de este hermoso lugar, ideal para practicar Snorkeling y visualizar la vida marina del Parque Tayrona.<\/p>\n<p>Incluye<\/p>\n<ul>\n<li>Transporte terrestre ida y regreso<\/li>\n<li>Entrada al Parque Tayrona<\/li>\n<li>Gu\u00eda de turismo<\/li>\n<li>Seguro de viaje<\/li>\n<li>Caminata ecol\u00f3gica<\/li>\n<\/ul>\n<p>&nbsp;<\/p>\n<p>&nbsp;<\/p>\n<p>&nbsp;<\/p>\n<p>&nbsp;<\/p>\n","protected":false},"featured_media":337,"comment_status":"open","ping_status":"closed","template":"","meta":{"om_disable_all_campaigns":false,"_monsterinsights_skip_tracking":false,"_monsterinsights_sitenote_active":false,"_monsterinsights_sitenote_note":"","_monsterinsights_sitenote_category":0,"spay_email":""},"product_cat":[24,25],"product_tag":[],"_links":{"self":[{"href":"https:\/\/casademony.com\/index.php\/wp-json\/wp\/v2\/product\/277"}],"collection":[{"href":"https:\/\/casademony.com\/index.php\/wp-json\/wp\/v2\/product"}],"about":[{"href":"https:\/\/casademony.com\/index.php\/wp-json\/wp\/v2\/types\/product"}],"replies":[{"embeddable":true,"href":"https:\/\/casademony.com\/index.php\/wp-json\/wp\/v2\/comments?post=277"}],"wp:featuredmedia":[{"embeddable":true,"href":"https:\/\/casademony.com\/index.php\/wp-json\/wp\/v2\/media\/337"}],"wp:attachment":[{"href":"https:\/\/casademony.com\/index.php\/wp-json\/wp\/v2\/media?parent=277"}],"wp:term":[{"taxonomy":"product_cat","embeddable":true,"href":"https:\/\/casademony.com\/index.php\/wp-json\/wp\/v2\/product_cat?post=277"},{"taxonomy":"product_tag","embeddable":true,"href":"https:\/\/casademony.com\/index.php\/wp-json\/wp\/v2\/product_tag?post=277"}],"curies":[{"name":"wp","href":"https:\/\/api.w.org\/{rel}","templated":true}]}}