{"id":279,"date":"2022-05-28T08:08:38","date_gmt":"2022-05-28T08:08:38","guid":{"rendered":"http:\/\/casademony.com\/?post_type=product&#038;p=279"},"modified":"2022-07-14T13:53:49","modified_gmt":"2022-07-14T13:53:49","slug":"tour-maritimo-playa-cristal-parque-tayrona","status":"publish","type":"product","link":"https:\/\/casademony.com\/index.php\/producto\/tour-maritimo-playa-cristal-parque-tayrona\/","title":{"rendered":"TOUR MAR\u00cdTIMO PLAYA CRISTAL ( PARQUE TAYRONA )"},"content":{"rendered":"","protected":false},"excerpt":{"rendered":"<p>Recorre las hermosas playas de Santa Marta a bordo de nuestra embarcaci\u00f3n disfrutando de la vista panor\u00e1mica, terminando el recorrido en una de las playas m\u00e1s hermosas del Parque Tayrona. Salida muelle norte del Rodadero desde las 9:00 am hasta las 4:00 pm. Salidas con reservas y previa confirmaci\u00f3n un d\u00eda antes.<\/p>\n<p>Incluye<\/p>\n<ul>\n<li>Transporte en lancha ida y regreso<\/li>\n<li>Entrada al Parque Tayrona<\/li>\n<li>Gu\u00eda de turismo<\/li>\n<li>Seguro de viaje<\/li>\n<\/ul>\n<p>&nbsp;<\/p>\n<p>&nbsp;<\/p>\n<p>&nbsp;<\/p>\n","protected":false},"featured_media":347,"comment_status":"open","ping_status":"closed","template":"","meta":{"om_disable_all_campaigns":false,"_monsterinsights_skip_tracking":false,"_monsterinsights_sitenote_active":false,"_monsterinsights_sitenote_note":"","_monsterinsights_sitenote_category":0,"spay_email":""},"product_cat":[24,25],"product_tag":[],"_links":{"self":[{"href":"https:\/\/casademony.com\/index.php\/wp-json\/wp\/v2\/product\/279"}],"collection":[{"href":"https:\/\/casademony.com\/index.php\/wp-json\/wp\/v2\/product"}],"about":[{"href":"https:\/\/casademony.com\/index.php\/wp-json\/wp\/v2\/types\/product"}],"replies":[{"embeddable":true,"href":"https:\/\/casademony.com\/index.php\/wp-json\/wp\/v2\/comments?post=279"}],"wp:featuredmedia":[{"embeddable":true,"href":"https:\/\/casademony.com\/index.php\/wp-json\/wp\/v2\/media\/347"}],"wp:attachment":[{"href":"https:\/\/casademony.com\/index.php\/wp-json\/wp\/v2\/media?parent=279"}],"wp:term":[{"taxonomy":"product_cat","embeddable":true,"href":"https:\/\/casademony.com\/index.php\/wp-json\/wp\/v2\/product_cat?post=279"},{"taxonomy":"product_tag","embeddable":true,"href":"https:\/\/casademony.com\/index.php\/wp-json\/wp\/v2\/product_tag?post=279"}],"curies":[{"name":"wp","href":"https:\/\/api.w.org\/{rel}","templated":true}]}}