{"id":284,"date":"2022-05-28T08:08:38","date_gmt":"2022-05-28T08:08:38","guid":{"rendered":"http:\/\/casademony.com\/?post_type=product&#038;p=284"},"modified":"2022-07-14T14:01:08","modified_gmt":"2022-07-14T14:01:08","slug":"fiesta-blanca-katamaran-tayrona","status":"publish","type":"product","link":"https:\/\/casademony.com\/index.php\/producto\/fiesta-blanca-katamaran-tayrona\/","title":{"rendered":"FIESTA BLANCA KATAMARAN TAYRONA"},"content":{"rendered":"","protected":false},"excerpt":{"rendered":"<p>Recorre las hermosas playas de Santa Marta a bordo del moderno Katamaran Tayrona disfrutando de la vista panor\u00e1mica, hasta llegar a la bah\u00eda de Santa Marta, incluye barra libre de cocteles y tambopapayeras a bordo se dispondr\u00e1 para la venta bebidas y snack para el consumo de los asistentes.\u00a0salida: muelle norte del rodadero desde las 5:30 pm hasta las 8:30 pm.<\/p>\n<p>Incluye<\/p>\n<ul>\n<li>Transporte ida y regreso<\/li>\n<li>Barra libre de Cocteles a bordo<\/li>\n<li>Fogata en la playa<\/li>\n<li>Snack de bienvenida<\/li>\n<li>Seguro de viaje<\/li>\n<\/ul>\n<p>&nbsp;<\/p>\n<p>&nbsp;<\/p>\n<p>&nbsp;<\/p>\n","protected":false},"featured_media":356,"comment_status":"open","ping_status":"closed","template":"","meta":{"om_disable_all_campaigns":false,"_monsterinsights_skip_tracking":false,"_monsterinsights_sitenote_active":false,"_monsterinsights_sitenote_note":"","_monsterinsights_sitenote_category":0,"spay_email":""},"product_cat":[24],"product_tag":[],"_links":{"self":[{"href":"https:\/\/casademony.com\/index.php\/wp-json\/wp\/v2\/product\/284"}],"collection":[{"href":"https:\/\/casademony.com\/index.php\/wp-json\/wp\/v2\/product"}],"about":[{"href":"https:\/\/casademony.com\/index.php\/wp-json\/wp\/v2\/types\/product"}],"replies":[{"embeddable":true,"href":"https:\/\/casademony.com\/index.php\/wp-json\/wp\/v2\/comments?post=284"}],"wp:featuredmedia":[{"embeddable":true,"href":"https:\/\/casademony.com\/index.php\/wp-json\/wp\/v2\/media\/356"}],"wp:attachment":[{"href":"https:\/\/casademony.com\/index.php\/wp-json\/wp\/v2\/media?parent=284"}],"wp:term":[{"taxonomy":"product_cat","embeddable":true,"href":"https:\/\/casademony.com\/index.php\/wp-json\/wp\/v2\/product_cat?post=284"},{"taxonomy":"product_tag","embeddable":true,"href":"https:\/\/casademony.com\/index.php\/wp-json\/wp\/v2\/product_tag?post=284"}],"curies":[{"name":"wp","href":"https:\/\/api.w.org\/{rel}","templated":true}]}}