{"id":290,"date":"2022-05-28T08:08:39","date_gmt":"2022-05-28T08:08:39","guid":{"rendered":"http:\/\/casademony.com\/?post_type=product&#038;p=290"},"modified":"2022-07-14T14:08:03","modified_gmt":"2022-07-14T14:08:03","slug":"aquanautas","status":"publish","type":"product","link":"https:\/\/casademony.com\/index.php\/producto\/aquanautas\/","title":{"rendered":"AQUANAUTAS"},"content":{"rendered":"","protected":false},"excerpt":{"rendered":"<p>Esta experiencia te ofrece la posibilidad de aprender sobre gu\u00edas de seguridad b\u00e1sica y las habilidades necesarias para bucear en el mar bajo la supervisi\u00f3n directa de un profesional.<\/p>\n<p>Incluye<\/p>\n<ul>\n<li>Transporte en lancha ida y regreso<\/li>\n<li>Pasad\u00eda en Inca Inca<\/li>\n<li>Almuerzo t\u00edpico<\/li>\n<li>Actividad de Aquanautas<\/li>\n<li>Seguro de viaje<\/li>\n<\/ul>\n<p>&nbsp;<\/p>\n<p>&nbsp;<\/p>\n<p>&nbsp;<\/p>\n","protected":false},"featured_media":372,"comment_status":"open","ping_status":"closed","template":"","meta":{"om_disable_all_campaigns":false,"_monsterinsights_skip_tracking":false,"_monsterinsights_sitenote_active":false,"_monsterinsights_sitenote_note":"","_monsterinsights_sitenote_category":0,"spay_email":""},"product_cat":[24],"product_tag":[],"_links":{"self":[{"href":"https:\/\/casademony.com\/index.php\/wp-json\/wp\/v2\/product\/290"}],"collection":[{"href":"https:\/\/casademony.com\/index.php\/wp-json\/wp\/v2\/product"}],"about":[{"href":"https:\/\/casademony.com\/index.php\/wp-json\/wp\/v2\/types\/product"}],"replies":[{"embeddable":true,"href":"https:\/\/casademony.com\/index.php\/wp-json\/wp\/v2\/comments?post=290"}],"wp:featuredmedia":[{"embeddable":true,"href":"https:\/\/casademony.com\/index.php\/wp-json\/wp\/v2\/media\/372"}],"wp:attachment":[{"href":"https:\/\/casademony.com\/index.php\/wp-json\/wp\/v2\/media?parent=290"}],"wp:term":[{"taxonomy":"product_cat","embeddable":true,"href":"https:\/\/casademony.com\/index.php\/wp-json\/wp\/v2\/product_cat?post=290"},{"taxonomy":"product_tag","embeddable":true,"href":"https:\/\/casademony.com\/index.php\/wp-json\/wp\/v2\/product_tag?post=290"}],"curies":[{"name":"wp","href":"https:\/\/api.w.org\/{rel}","templated":true}]}}