{"id":573,"date":"2022-05-28T13:06:33","date_gmt":"2022-05-28T13:06:33","guid":{"rendered":"http:\/\/casademony.com\/?post_type=product&#038;p=573"},"modified":"2025-11-01T20:27:50","modified_gmt":"2025-11-01T20:27:50","slug":"habitacion-cuadruple-arrecife","status":"publish","type":"product","link":"https:\/\/casademony.com\/index.php\/producto\/habitacion-cuadruple-arrecife\/","title":{"rendered":"Habitaci\u00f3n Qu\u00edntuple Arrecife"},"content":{"rendered":"<p>Todas las habitaciones del alojamiento est\u00e1n equipadas con armario, TV de pantalla plana, ba\u00f1o privado, ropa de cama y toallas. Algunas habitaciones de la Casa de Mony tienen balc\u00f3n.<\/p>\n<p>Servimos un desayuno continental o americano.<\/p>\n<p><strong>En cuanto a nuestra ubicaci\u00f3n:<\/strong><\/p>\n<p>Nuestro alojamiento est\u00e1 a 2 minutos a pie de la playa. Casa de Mony se encuentra en Santa Marta, a 450 metros de Bello Horizonte, y ofrece alojamiento con piscina al aire libre, aparcamiento privado gratuito, jard\u00edn y terraza. El establecimiento se encuentra a 9 km del Acuario y Museo del Mar del Rodadero, a 11 km de la catedral de Santa Marta y a 12 km del puerto deportivo de Santa Marta. Ofrece piscina cubierta, cocina compartida y WiFi gratuita.<\/p>\n<p>a Casa de Mony se encuentra a 12 km del Museo del Oro de Santa Marta y del parque Sim\u00f3n Bol\u00edvar. El aeropuerto m\u00e1s cercano es el aeropuerto internacional Sim\u00f3n Bol\u00edvar, a 6 km del alojamiento.<\/p>\n<p style=\"text-align: left;\"><strong>Cerca de casa de mony:\u00a0 \u00a0 \u00a0 \u00a0 \u00a0 \u00a0 \u00a0 \u00a0 \u00a0 \u00a0 \u00a0 \u00a0 \u00a0 \u00a0 \u00a0 \u00a0 \u00a0 \u00a0 \u00a0 \u00a0<span class=\"bui-title__text\">\u00a0Restaurantes y cafeter\u00edas<\/span><\/strong><\/p>\n<div class=\"hp_location_block__section_container\" style=\"text-align: left;\">\n<div class=\"bui-list__body\">\n<div class=\"bui-list__description\">1. Centro Comercial Zazu\u00e9 6 km\u00a0 \u00a0 \u00a0 \u00a0 \u00a0 \u00a0 \u00a0 \u00a0 \u00a0 \u00a0 \u00a0 \u00a0 \u00a0 \u00a0 \u00a0 1. <span class=\"hp_location_block__section_list_key_tag\">Restaurante &#8211;<\/span> Centro Comercial Zazue.<\/div>\n<\/div>\n<div class=\"bui-list__body\">\n<div class=\"bui-list__description\">2. Playa El Rodadero 4,9 km\u00a0 \u00a0 \u00a0 \u00a0 \u00a0 \u00a0 \u00a0 \u00a0 \u00a0 \u00a0 \u00a0 \u00a0 \u00a0 \u00a0 \u00a0 \u00a0 \u00a0 \u00a0 2. Carulla<\/div>\n<\/div>\n<div class=\"bui-list__body\">\n<div class=\"bui-list__description\">3. Acuario y Museo del Mar del Rodadero 6,6 km\u00a0 \u00a0 3. <span class=\"hp_location_block__section_list_key_tag\">Restaurante\u00a0<\/span> Alfaix 2,2 km<\/div>\n<\/div>\n<div class=\"bui-list__body\">\n<div class=\"bui-list__description\">4. Playa Blanca 6,8 km<\/div>\n<\/div>\n<div class=\"bui-list__body\">\n<div class=\"bui-list__description\">5. Quinta de San Pedro Alejandrino 9,1 km\u00a0 \u00a0 \u00a0 \u00a0 \u00a0 \u00a0 \u00a0<strong> Entorno natural :<\/strong><\/div>\n<\/div>\n<div class=\"bui-list__body\">\n<div class=\"bui-list__description\">6. Santa Marta Marina 9,2 km\u00a0 \u00a0 \u00a0 \u00a0 \u00a0 \u00a0 \u00a0 \u00a0 \u00a0 \u00a0 \u00a0 \u00a0 \u00a0 \u00a0 \u00a0 \u00a0 \u00a0 \u00a0 1. <span class=\"hp_location_block__section_list_key_tag\">Mar\/oc\u00e9ano &#8211;<\/span>\u00a0Mar Caribe<\/div>\n<\/div>\n<div class=\"bui-list__body\">\n<div class=\"bui-list__description\">7. Catedral de Santa Marta 9,5 km\u00a0 \u00a0 \u00a0 \u00a0 \u00a0 \u00a0 \u00a0 \u00a0 \u00a0 \u00a0 \u00a0 \u00a0 \u00a0 \u00a0 \u00a02. <span class=\"hp_location_block__section_list_key_tag\">Monta\u00f1a &#8211;<\/span>\u00a0Mamancana<\/div>\n<\/div>\n<div class=\"bui-list__body\">\n<div class=\"bui-list__description\">8. Plaza Sim\u00f3n Bol\u00edvar 9,6 km\u00a0 \u00a0 \u00a0 \u00a0 \u00a0 \u00a0 \u00a0 \u00a0 \u00a0 \u00a0 \u00a0 \u00a0 \u00a0 \u00a0 \u00a0 \u00a0 \u00a0 \u00a0 3. <span class=\"hp_location_block__section_list_key_tag\">R\u00edo &#8211;<\/span> Aguas Termales Cordobita-Ci\u00e9naga<\/div>\n<\/div>\n<div class=\"bui-list__body\">\n<div class=\"bui-list__description\">9. Museo del Oro Tairona 9,6 km\u00a0 \u00a0 \u00a0 \u00a0 \u00a0 \u00a0 \u00a0 \u00a0 \u00a0 \u00a0 \u00a0 \u00a0 \u00a0 \u00a0 \u00a0 \u00a04. <span class=\"hp_location_block__section_list_key_tag\">Monta\u00f1a &#8211;<\/span>\u00a0Minca<\/div>\n<\/div>\n<\/div>\n<div class=\"hp_location_block__section_container\" style=\"text-align: left;\">\n<div class=\"bui-title bui-title--heading bui-spacer--large\"><\/div>\n<\/div>\n<p>&nbsp;<\/p>\n","protected":false},"excerpt":{"rendered":"<div data-name-en=\"room size\" data-facility-id=\"0\" data-facility-type=\"0\"><\/div>\n<div data-name-en=\"room size\" data-facility-id=\"0\" data-facility-type=\"0\">\n<p><strong>Acomodaci\u00f3n :<\/strong><\/p>\n<ul>\n<li>1 cama individual\u00a0<i class=\"bicon bicon-bed\"><\/i><\/li>\n<li>1 cama doble <i class=\"bicon bicon-double\"><\/i><\/li>\n<li>1 sof\u00e1 cama<\/li>\n<\/ul>\n<p><strong>Detalles Principales :<\/strong><\/p>\n<div class=\"hprt-facilities-facility\" data-name-en=\"room size\" data-facility-id=\"0\" data-facility-type=\"0\"><span class=\" bui-badge bui-badge--outline room_highlight_badge--without_borders\">15 m\u00b2, <\/span><span class=\" bui-badge bui-badge--outline room_highlight_badge--without_borders\">Vistas al jard\u00edn, <\/span><span class=\" bui-badge bui-badge--outline room_highlight_badge--without_borders\">Vistas a la piscina, <\/span><span class=\" bui-badge bui-badge--outline room_highlight_badge--without_borders\">Aire acondicionado, <\/span><span class=\" bui-badge bui-badge--outline room_highlight_badge--without_borders\">Ba\u00f1o privado, <\/span><span class=\" bui-badge bui-badge--outline room_highlight_badge--without_borders\">TV de pantalla plana, <\/span><span class=\" bui-badge bui-badge--outline room_highlight_badge--without_borders\">WiFi gratis,<\/span>\u00a0<span class=\"hprt-facilities-facility\" style=\"line-height: 20px; margin: 3px 3px 0px 0px; display: inline-block; color: #262626; font-family: BlinkMacSystemFont, -apple-system, 'Segoe UI', Roboto, Helvetica, Arial, sans-serif; font-size: 14px; font-style: normal; font-variant-ligatures: normal; font-variant-caps: normal; font-weight: 400; letter-spacing: normal; orphans: 2; text-align: start; text-indent: 0px; text-transform: none; white-space: normal; widows: 2; word-spacing: 0px; -webkit-text-stroke-width: 0px; background-color: #ffffff; text-decoration-thickness: initial; text-decoration-style: initial; text-decoration-color: initial;\" data-name-en=\"Parking\" data-component=\"tooltip\" data-tooltip-custom-class=\"room-lightbox-tooltip\" data-tooltip-text=\" &lt;div class=&quot;parking-policy&quot;&gt; &lt;div class=&quot;parking-policy__title&quot;&gt; &lt;span class=&quot;&quot; &gt;Hay parking gratis privado en el establecimiento. No es necesario reservar.&lt;\/span&gt; &lt;\/div&gt; &lt;\/div&gt; \"><span class=\" bui-badge bui-badge--outline room_highlight_badge--without_borders\">Parking gratuito<\/span><\/span><\/div>\n<p><strong>M\u00e1s :<\/strong><\/p>\n<ul class=\"hprt-lightbox-list js-lightbox-facilities\" data-nr-of-facilities=\"23\">\n<li class=\"hprt-lightbox-list__item js-lightbox-facility\" data-name-en=\"Upper floor reachable by stairs only\" data-id=\"133\"><span class=\"\">Acceso a pisos superiores solo mediante escaleras<\/span><\/li>\n<li class=\"hprt-lightbox-list__item js-lightbox-facility\" data-name-en=\"Linen\" data-id=\"125\"><span class=\"\">Ropa de cama<\/span><\/li>\n<li class=\"hprt-lightbox-list__item js-lightbox-facility\" data-name-en=\"Wardrobe\/Closet\" data-id=\"95\"><span class=\"\">Armario<\/span><\/li>\n<li class=\"hprt-lightbox-list__item js-lightbox-facility\" data-name-en=\"Child safety socket covers\" data-id=\"142\"><span class=\"\">Protector de enchufes para ni\u00f1os<\/span><\/li>\n<li class=\"hprt-lightbox-list__item js-lightbox-facility\" data-name-en=\"Airconditioning\" data-id=\"11\"><span class=\"\">Aire acondicionado<\/span><\/li>\n<li class=\"hprt-lightbox-list__item js-lightbox-facility\" data-name-en=\"Tiled \/ Marble floor\" data-id=\"80\"><span class=\"\">Suelo de baldosa \/ m\u00e1rmol<\/span><\/li>\n<li class=\"hprt-lightbox-list__item js-lightbox-facility\" data-name-en=\"Fan\" data-id=\"30\"><span class=\"\">Ventilador<\/span><\/li>\n<li class=\"hprt-lightbox-list__item js-lightbox-facility\" data-name-en=\"Desk\" data-id=\"23\"><span class=\"\">Escritorio<\/span><\/li>\n<li class=\"hprt-lightbox-list__item js-lightbox-facility\" data-name-en=\"Cable channels\" data-id=\"68\"><span class=\"\">Canales por cable<\/span><\/li>\n<li class=\"hprt-lightbox-list__item js-lightbox-facility\" data-name-en=\"Balcony\" data-id=\"17\"><span class=\"\">Balc\u00f3n<\/span><\/li>\n<li class=\"hprt-lightbox-list__item js-lightbox-facility\" data-name-en=\"socket near the bed\" data-id=\"184\"><span class=\"\">Enchufe cerca de la cama<\/span><\/li>\n<li class=\"hprt-lightbox-list__item js-lightbox-facility\" data-name-en=\"Clothes Rack\" data-id=\"138\"><span class=\"\">Perchero<\/span><\/li>\n<\/ul>\n<\/div>\n","protected":false},"featured_media":594,"comment_status":"open","ping_status":"closed","template":"","meta":{"om_disable_all_campaigns":false,"_monsterinsights_skip_tracking":false,"_monsterinsights_sitenote_active":false,"_monsterinsights_sitenote_note":"","_monsterinsights_sitenote_category":0,"spay_email":""},"product_cat":[38,23],"product_tag":[],"_links":{"self":[{"href":"https:\/\/casademony.com\/index.php\/wp-json\/wp\/v2\/product\/573"}],"collection":[{"href":"https:\/\/casademony.com\/index.php\/wp-json\/wp\/v2\/product"}],"about":[{"href":"https:\/\/casademony.com\/index.php\/wp-json\/wp\/v2\/types\/product"}],"replies":[{"embeddable":true,"href":"https:\/\/casademony.com\/index.php\/wp-json\/wp\/v2\/comments?post=573"}],"wp:featuredmedia":[{"embeddable":true,"href":"https:\/\/casademony.com\/index.php\/wp-json\/wp\/v2\/media\/594"}],"wp:attachment":[{"href":"https:\/\/casademony.com\/index.php\/wp-json\/wp\/v2\/media?parent=573"}],"wp:term":[{"taxonomy":"product_cat","embeddable":true,"href":"https:\/\/casademony.com\/index.php\/wp-json\/wp\/v2\/product_cat?post=573"},{"taxonomy":"product_tag","embeddable":true,"href":"https:\/\/casademony.com\/index.php\/wp-json\/wp\/v2\/product_tag?post=573"}],"curies":[{"name":"wp","href":"https:\/\/api.w.org\/{rel}","templated":true}]}}