{"id":895,"date":"2022-05-31T16:18:01","date_gmt":"2022-05-31T16:18:01","guid":{"rendered":"http:\/\/casademony.com\/?post_type=product&#038;p=895"},"modified":"2022-05-31T16:41:17","modified_gmt":"2022-05-31T16:41:17","slug":"familiar-mediun-max-3-personas-copia","status":"publish","type":"product","link":"https:\/\/casademony.com\/index.php\/producto\/familiar-mediun-max-3-personas-copia\/","title":{"rendered":"FAMILIAR MEDIUN (MAX 3 PERSONAS)"},"content":{"rendered":"<p><strong>Detalles:<\/strong><\/p>\n<ul>\n<li>HOSPEDAJE 3 DIAS 2 NOCHES<\/li>\n<li>3 DESAYUNOS<\/li>\n<li>3 DESTINOS A ELEGIR<\/li>\n<\/ul>\n","protected":false},"excerpt":{"rendered":"<p>Todas las habitaciones del alojamiento est\u00e1n equipadas con armario, TV de pantalla plana, ba\u00f1o privado, ropa de cama y toallas. Algunas habitaciones de la Casa de Mony tienen balc\u00f3n.<\/p>\n<p>Servimos un desayuno continental o americano.<\/p>\n<p><strong>En cuanto a nuestra ubicaci\u00f3n:<\/strong><\/p>\n<p>Nuestro alojamiento est\u00e1 a 2 minutos a pie de la playa. Casa de Mony se encuentra en Santa Marta, a 450 metros de Bello Horizonte, y ofrece alojamiento con piscina al aire libre, aparcamiento privado gratuito, jard\u00edn y terraza. El establecimiento se encuentra a 9 km del Acuario y Museo del Mar del Rodadero, a 11 km de la catedral de Santa Marta y a 12 km del puerto deportivo de Santa Marta. Ofrece piscina cubierta, cocina compartida y WiFi gratuita.<\/p>\n<p>a Casa de Mony se encuentra a 12 km del Museo del Oro de Santa Marta y del parque Sim\u00f3n Bol\u00edvar. El aeropuerto m\u00e1s cercano es el aeropuerto internacional Sim\u00f3n Bol\u00edvar, a 6 km del alojamiento.<\/p>\n<p style=\"text-align: left;\"><strong>Cerca de casa de mony:\u00a0 \u00a0 \u00a0 \u00a0 \u00a0 \u00a0 \u00a0 \u00a0 \u00a0 \u00a0 \u00a0 \u00a0 \u00a0 \u00a0 \u00a0 \u00a0 \u00a0 \u00a0 \u00a0 \u00a0<span class=\"bui-title__text\">\u00a0Restaurantes y cafeter\u00edas<\/span><\/strong><\/p>\n<div class=\"hp_location_block__section_container\" style=\"text-align: left;\">\n<div class=\"bui-list__body\">\n<div class=\"bui-list__description\">1. Centro Comercial Zazu\u00e9 6 km\u00a0 \u00a0 \u00a0 \u00a0 \u00a0 \u00a0 \u00a0 \u00a0 \u00a0 \u00a0 \u00a0 \u00a0 \u00a0 \u00a0 \u00a0 1. <span class=\"hp_location_block__section_list_key_tag\">Restaurante &#8211;<\/span> Centro Comercial Zazue.<\/div>\n<\/div>\n<div class=\"bui-list__body\">\n<div class=\"bui-list__description\">2. Playa El Rodadero 4,9 km\u00a0 \u00a0 \u00a0 \u00a0 \u00a0 \u00a0 \u00a0 \u00a0 \u00a0 \u00a0 \u00a0 \u00a0 \u00a0 \u00a0 \u00a0 \u00a0 \u00a0 \u00a0 2. Carulla<\/div>\n<\/div>\n<div class=\"bui-list__body\">\n<div class=\"bui-list__description\">3. Acuario y Museo del Mar del Rodadero 6,6 km\u00a0 \u00a0 3. <span class=\"hp_location_block__section_list_key_tag\">Restaurante\u00a0<\/span> Alfaix 2,2 km<\/div>\n<\/div>\n<div class=\"bui-list__body\">\n<div class=\"bui-list__description\">4. Playa Blanca 6,8 km<\/div>\n<\/div>\n<div class=\"bui-list__body\">\n<div class=\"bui-list__description\">5. Quinta de San Pedro Alejandrino 9,1 km\u00a0 \u00a0 \u00a0 \u00a0 \u00a0 \u00a0 \u00a0<strong> Entorno natural :<\/strong><\/div>\n<\/div>\n<div class=\"bui-list__body\">\n<div class=\"bui-list__description\">6. Santa Marta Marina 9,2 km\u00a0 \u00a0 \u00a0 \u00a0 \u00a0 \u00a0 \u00a0 \u00a0 \u00a0 \u00a0 \u00a0 \u00a0 \u00a0 \u00a0 \u00a0 \u00a0 \u00a0 \u00a0 1. <span class=\"hp_location_block__section_list_key_tag\">Mar\/oc\u00e9ano &#8211;<\/span>\u00a0Mar Caribe<\/div>\n<\/div>\n<div class=\"bui-list__body\">\n<div class=\"bui-list__description\">7. Catedral de Santa Marta 9,5 km\u00a0 \u00a0 \u00a0 \u00a0 \u00a0 \u00a0 \u00a0 \u00a0 \u00a0 \u00a0 \u00a0 \u00a0 \u00a0 \u00a0 \u00a02. <span class=\"hp_location_block__section_list_key_tag\">Monta\u00f1a &#8211;<\/span>\u00a0Mamancana<\/div>\n<\/div>\n<div class=\"bui-list__body\">\n<div class=\"bui-list__description\">8. Plaza Sim\u00f3n Bol\u00edvar 9,6 km\u00a0 \u00a0 \u00a0 \u00a0 \u00a0 \u00a0 \u00a0 \u00a0 \u00a0 \u00a0 \u00a0 \u00a0 \u00a0 \u00a0 \u00a0 \u00a0 \u00a0 \u00a0 3. <span class=\"hp_location_block__section_list_key_tag\">R\u00edo &#8211;<\/span> Aguas Termales Cordobita-Ci\u00e9naga<\/div>\n<\/div>\n<div class=\"bui-list__body\">\n<div class=\"bui-list__description\">9. Museo del Oro Tairona 9,6 km\u00a0 \u00a0 \u00a0 \u00a0 \u00a0 \u00a0 \u00a0 \u00a0 \u00a0 \u00a0 \u00a0 \u00a0 \u00a0 \u00a0 \u00a0 \u00a04. <span class=\"hp_location_block__section_list_key_tag\">Monta\u00f1a &#8211;<\/span>\u00a0Minca<\/div>\n<\/div>\n<\/div>\n<div class=\"hp_location_block__section_container\" style=\"text-align: left;\">\n<div class=\"bui-title bui-title--heading bui-spacer--large\"><\/div>\n<\/div>\n","protected":false},"featured_media":243,"comment_status":"open","ping_status":"closed","template":"","meta":{"om_disable_all_campaigns":false,"_monsterinsights_skip_tracking":false,"_monsterinsights_sitenote_active":false,"_monsterinsights_sitenote_note":"","_monsterinsights_sitenote_category":0,"spay_email":""},"product_cat":[31],"product_tag":[],"_links":{"self":[{"href":"https:\/\/casademony.com\/index.php\/wp-json\/wp\/v2\/product\/895"}],"collection":[{"href":"https:\/\/casademony.com\/index.php\/wp-json\/wp\/v2\/product"}],"about":[{"href":"https:\/\/casademony.com\/index.php\/wp-json\/wp\/v2\/types\/product"}],"replies":[{"embeddable":true,"href":"https:\/\/casademony.com\/index.php\/wp-json\/wp\/v2\/comments?post=895"}],"wp:featuredmedia":[{"embeddable":true,"href":"https:\/\/casademony.com\/index.php\/wp-json\/wp\/v2\/media\/243"}],"wp:attachment":[{"href":"https:\/\/casademony.com\/index.php\/wp-json\/wp\/v2\/media?parent=895"}],"wp:term":[{"taxonomy":"product_cat","embeddable":true,"href":"https:\/\/casademony.com\/index.php\/wp-json\/wp\/v2\/product_cat?post=895"},{"taxonomy":"product_tag","embeddable":true,"href":"https:\/\/casademony.com\/index.php\/wp-json\/wp\/v2\/product_tag?post=895"}],"curies":[{"name":"wp","href":"https:\/\/api.w.org\/{rel}","templated":true}]}}